{"id":18175,"date":"2021-03-24T12:34:35","date_gmt":"2021-03-24T11:34:35","guid":{"rendered":"https:\/\/amronet.pl\/polityka-prywatnosci\/"},"modified":"2025-10-23T12:38:20","modified_gmt":"2025-10-23T10:38:20","slug":"privacy-policy","status":"publish","type":"page","link":"https:\/\/amronet.pl\/en\/privacy-policy\/","title":{"rendered":"Privacy Policy"},"content":{"rendered":"\n<section id='block_68d924615d4458636c14854f4bcbb603' class='text-hero text-hero--narrow alignfull ' data-scrollanimation=\"fadeInUp\">\n    <div class=\"container\">\n        <div class=\"row text-hero__row justify-center\">\n            <!-- wide container -->\n                        <!-- content divided into two parallel columns -->\n                        <div class=\"col-12 col-md-6 col-xl-5 text-hero__col text-hero__col--left\">\n                                <figure class=\"text-hero__icon text-hero__icon--narrow\"><svg width=\"32\" height=\"40\" viewBox=\"0 0 32 40\" fill=\"none\" xmlns=\"http:\/\/www.w3.org\/2000\/svg\">\r\n<path d=\"M28.6678 40C30.0172 40 31.1111 38.9426 31.1111 37.6384V16.2262C31.1111 14.924 30.0193 13.8646 28.6678 13.8646H27.039C27.039 11.1016 27.0562 10.8392 26.9844 10.114C26.5624 5.85675 23.664 2.31462 19.7516 0.805531C12.1459 -2.13187 3.90925 3.33547 3.90925 11.1879V13.8644H2.44328C1.09394 13.8644 0 14.9218 0 16.2261V37.6382C0 38.9425 1.09394 39.9998 2.44328 39.9998H28.6678V40ZM17.9174 27.5621C17.9174 28.8663 16.8235 29.9237 15.4741 29.9237C14.1248 29.9237 13.0308 28.8663 13.0308 27.5621V26.3025C13.0308 24.9983 14.1248 23.9409 15.4741 23.9409C16.8235 23.9409 17.9174 24.9983 17.9174 26.3025V27.5621ZM8.79581 11.1881C8.79581 7.62877 11.7918 4.73293 15.4741 4.73293C19.1565 4.73293 22.1524 7.62877 22.1524 11.1881V13.8646H8.79581V11.1881Z\" fill=\"#4D4C4C\"><\/path>\r\n<\/svg><\/figure>\n                                <h1 class=\"text-hero__title\" data-scrollanimation=\"fadeInUp\">Privacy Policy<\/h1>\n            <\/div>\n            <div class=\"col-12 col-md-6 col-xl-4\">\n                                <h2 class=\"heading-4\">Date of update: 08 December 2020<\/h2>\n                                                <p>This privacy policy describes how we collect, use and process your personal data.<\/p>\n                            <\/div>\n            <!-- title across the whole page -->\n                                <\/div>\n    <\/div>\n<\/section>\n\n\n<p>Pursuant to Art. 13 sec. 1 of Regulation (EU) 2016\/679 of the European Parliament and of the Council of 27 April 2016 on the protection of individuals with regard to the processing of personal data and on the free movement of such data, and repealing Directive 95\/46 \/ EC (hereinafter: GDPR), we inform that:<\/p>\n\n\n\n<p>1. The administrator of your personal data is Payholding International sp.z o.o. sp. k. with its seat in Wroc\u0142aw at ul. \u0141aciarska 4B., 50-104 Wroc\u0142aw, registered in the National Court Register kept by the District Court, 6th Commercial Division of the National Court Register, KRS number: 0000819286, NIP: 8992873390 (hereinafter referred to as: Payholding International).<\/p>\n\n\n\n<p>2. Contact with the Data Protection Officer &#8211; <a href=\"mailto:iod@payholding.com\">iod@payholding.com<\/a><\/p>\n\n\n\n<p>3. Data collected: a) in the case of a natural person: name, surname, address (zip code, city, street, house number), PESEL number, mobile phone number; b) in the case of a legal person, an organizational unit without legal personality, or a natural person conducting business activity: company (name) and organizational form of running a business, registered office address, NIP and REGON, representative data such as name, surname, mobile phone number, address of residence and PESEL.<\/p>\n\n\n\n<p>4. In justified cases, we ask for the series and number of an identity document.<\/p>\n\n\n\n<p>5. Your personal data will be processed on the basis of art. 6 sec. 1 lit. a) &#8211; c) GDPR in order to conclude an agreement with Payholding International for the provision of services offered by Payholding International and to execute the agreement concluded by you with Payholding International for the provision of services offered by Payholding International, as well as to perform legal obligations incumbent on Payholding International, fraud and prevention, establishing and defending and pursuing claims, direct marketing, creating statements, analyzes and statistics, verifying payment credibility, handling complaints and notifications, technical support, financial settlements, including issuing accounting documents.<\/p>\n\n\n\n<p>6. Your personal data will be stored for a period of 6 years, and collected in connection with the transactions. However, your personal data recorded in the accounting documentation will be kept for the period specified in applicable law, including tax regulations.<\/p>\n\n\n\n<p>7. Subject to restrictions resulting from the GDPR and other legal provisions, you have the right to access your personal data and the right to rectify, delete, limit processing, the right to transfer personal data, the right to object, and the right to withdraw consent in any at the moment if the processing is based on your consent.<\/p>\n\n\n\n<p>8. You have the right to lodge a complaint with the supervisory authority.<\/p>\n\n\n\n<h2 class=\"wp-block-heading\" id=\"h-cookies-policy\">Cookies policy<\/h2>\n\n\n\n<h3 class=\"wp-block-heading\" id=\"h-what-are-cookies\">What are cookies?<\/h3>\n\n\n\n<p>Cookies are small files saved and stored on a computer or other device while using our website.<\/p>\n\n\n\n<p>Cookies contain the name of the domain of the IT system they come from, the storage time on the customer&#8217;s device and a unique name.<br>Cookies often store information necessary for the proper functioning of the website.<\/p>\n\n\n\n<p>The publisher&#8217;s website places a cookie in the browser, if the browser allows it. Importantly, the browser allows the website to access only cookies placed by that website, and not files placed by other websites.<\/p>\n\n\n\n<h3 class=\"wp-block-heading\" id=\"h-why-do-we-use-cookies\">Why do we use cookies?<\/h3>\n\n\n\n<p>Our website uses the following types of files:<\/p>\n\n\n<div class=\"block-core-list\">\n<ol class=\"wp-block-list\">\n<li>Fixed files<\/li>\n\n\n\n<li>Session files<\/li>\n<\/ol>\n<\/div>\n\n\n<p><strong>Session files<\/strong> &#8211; these are temporary files that are stored on your device until you log out of our website or close your browser.<\/p>\n\n\n\n<p><strong>Persistent files<\/strong> &#8211; they are stored on your device for the time specified in the parameters of these files or until they are deleted.<\/p>\n\n\n\n<p>Due to the purpose of cookies and other similar technologies, we use the following types:<\/p>\n\n\n\n<p>services and applications necessary for the operation &#8211; enabling the use of our services, e.g. authentication cookies used for services that require authentication;<\/p>\n\n\n\n<p>files used to ensure security, e.g. used to detect fraud in the field of authentication<\/p>\n\n\n\n<p><strong>performance<\/strong> &#8211; enabling the collection of information on the use of websites and applications;<\/p>\n\n\n\n<p><strong>functional<\/strong> &#8211; enabling &#8220;remembering&#8221; the settings selected by the user and personalizing the user interface, eg in terms of the language or region the user comes from, font size, appearance of the website and application, etc .;<\/p>\n\n\n\n<p><strong>statistical<\/strong>&#8211; used to count statistics on websites and applications.<br>Other technologies<\/p>\n\n\n\n<p>For the convenience of using our websites, we use Local Storage (LS) technology, similar in principle to cookies, but having slightly different properties.<\/p>\n\n\n\n<p>LS is a separate part of the browser&#8217;s memory, used to store data saved by websites. It can only be accessed by a website operating on the same website from which the data was saved, but unlike cookies, they are not sent by the browser each time the server is referenced.<\/p>\n\n\n\n<p>Data in LS are stored for a long time by the browser and are not deleted after the browser is closed, nor do they have a specific validity period.<\/p>\n\n\n\n<p>We emphasize that we use this technology only for convenience and to provide services at the highest level. We use LS technology, e.g. to remember settings, save configuration or preferences. The LS technology is used by the LiveChat communicator for the proper functioning of the communicator.<\/p>\n\n\n\n<h3 class=\"wp-block-heading\" id=\"h-how-to-manage-cookies\">How to manage cookies?<\/h3>\n\n\n\n<p>In order to change the settings related to the handling of cookies, you must configure the settings of the web browser used to browse the website. Appropriate information in this regard can be obtained by using the technical support for such software (web browser) or by contacting its supplier.<\/p>\n\n\n\n<p>Please remember that blocking cookies from our website may cause difficulties in operation or completely prevent the use of some of the functionalities of our website.<\/p>\n\n\n\n<p>If you have any questions, we are available:<br><a href=\"tel:+48535222255\">+48 535 22 22 55<\/a> lub <a href=\"mailto:pomoc@amronet.pl\">pomoc@amronet.pl<\/a><\/p>\n\n\n\n<p>Yours faithfully,<br>Payholding International team.<\/p>\n","protected":false},"excerpt":{"rendered":"<p>Pursuant to Art. 13 sec. 1 of Regulation (EU) 2016\/679 of the European Parliament and of the Council of 27 April 2016 on the protection of individuals with regard to the processing of personal data and on the free movement of such data, and repealing Directive 95\/46 \/ EC (hereinafter: GDPR), we inform that: 1. The administrator of your personal data is Payholding International sp.z o.o. sp. k. with its seat in Wroc\u0142aw at ul. \u0141aciarska 4B., 50-104 Wroc\u0142aw, registered in the National Court Register kept by the District Court, 6th Commercial Division of the National Court Register, KRS number:&hellip; <\/p>\n","protected":false},"author":1,"featured_media":0,"parent":0,"menu_order":0,"comment_status":"closed","ping_status":"closed","template":"","meta":{"_acf_changed":false,"footnotes":""},"class_list":["post-18175","page","type-page","status-publish","hentry"],"acf":[],"yoast_head":"<!-- This site is optimized with the Yoast SEO Premium plugin v24.6 (Yoast SEO v26.4) - https:\/\/yoast.com\/wordpress\/plugins\/seo\/ -->\n<title>Privacy Policy - Amronet.pl<\/title>\n<meta name=\"robots\" content=\"index, follow, max-snippet:-1, max-image-preview:large, max-video-preview:-1\" \/>\n<link rel=\"canonical\" href=\"https:\/\/amronet.pl\/en\/privacy-policy\/\" \/>\n<meta property=\"og:locale\" content=\"en_US\" \/>\n<meta property=\"og:type\" content=\"article\" \/>\n<meta property=\"og:title\" content=\"Privacy Policy\" \/>\n<meta property=\"og:description\" content=\"Pursuant to Art. 13 sec. 1 of Regulation (EU) 2016\/679 of the European Parliament and of the Council of 27 April 2016 on the protection of individuals with regard to the processing of personal data and on the free movement of such data, and repealing Directive 95\/46 \/ EC (hereinafter: GDPR), we inform that: 1. The administrator of your personal data is Payholding International sp.z o.o. sp. k. with its seat in Wroc\u0142aw at ul. \u0141aciarska 4B., 50-104 Wroc\u0142aw, registered in the National Court Register kept by the District Court, 6th Commercial Division of the National Court Register, KRS number:&hellip;\" \/>\n<meta property=\"og:url\" content=\"https:\/\/amronet.pl\/en\/privacy-policy\/\" \/>\n<meta property=\"og:site_name\" content=\"Amronet.pl\" \/>\n<meta property=\"article:modified_time\" content=\"2025-10-23T10:38:20+00:00\" \/>\n<meta name=\"twitter:card\" content=\"summary_large_image\" \/>\n<meta name=\"twitter:label1\" content=\"Est. reading time\" \/>\n\t<meta name=\"twitter:data1\" content=\"6 minutes\" \/>\n<script type=\"application\/ld+json\" class=\"yoast-schema-graph\">{\"@context\":\"https:\/\/schema.org\",\"@graph\":[{\"@type\":\"WebPage\",\"@id\":\"https:\/\/amronet.pl\/en\/privacy-policy\/\",\"url\":\"https:\/\/amronet.pl\/en\/privacy-policy\/\",\"name\":\"Privacy Policy - Amronet.pl\",\"isPartOf\":{\"@id\":\"https:\/\/amronet.pl\/en\/#website\"},\"datePublished\":\"2021-03-24T11:34:35+00:00\",\"dateModified\":\"2025-10-23T10:38:20+00:00\",\"inLanguage\":\"en-US\",\"potentialAction\":[{\"@type\":\"ReadAction\",\"target\":[\"https:\/\/amronet.pl\/en\/privacy-policy\/\"]}]},{\"@type\":\"WebSite\",\"@id\":\"https:\/\/amronet.pl\/en\/#website\",\"url\":\"https:\/\/amronet.pl\/en\/\",\"name\":\"Amronet.pl\",\"description\":\"Kolejna witryna oparta na WordPressie\",\"potentialAction\":[{\"@type\":\"SearchAction\",\"target\":{\"@type\":\"EntryPoint\",\"urlTemplate\":\"https:\/\/amronet.pl\/en\/?s={search_term_string}\"},\"query-input\":{\"@type\":\"PropertyValueSpecification\",\"valueRequired\":true,\"valueName\":\"search_term_string\"}}],\"inLanguage\":\"en-US\"}]}<\/script>\n<!-- \/ Yoast SEO Premium plugin. -->","yoast_head_json":{"title":"Privacy Policy - Amronet.pl","robots":{"index":"index","follow":"follow","max-snippet":"max-snippet:-1","max-image-preview":"max-image-preview:large","max-video-preview":"max-video-preview:-1"},"canonical":"https:\/\/amronet.pl\/en\/privacy-policy\/","og_locale":"en_US","og_type":"article","og_title":"Privacy Policy","og_description":"Pursuant to Art. 13 sec. 1 of Regulation (EU) 2016\/679 of the European Parliament and of the Council of 27 April 2016 on the protection of individuals with regard to the processing of personal data and on the free movement of such data, and repealing Directive 95\/46 \/ EC (hereinafter: GDPR), we inform that: 1. The administrator of your personal data is Payholding International sp.z o.o. sp. k. with its seat in Wroc\u0142aw at ul. \u0141aciarska 4B., 50-104 Wroc\u0142aw, registered in the National Court Register kept by the District Court, 6th Commercial Division of the National Court Register, KRS number:&hellip;","og_url":"https:\/\/amronet.pl\/en\/privacy-policy\/","og_site_name":"Amronet.pl","article_modified_time":"2025-10-23T10:38:20+00:00","twitter_card":"summary_large_image","twitter_misc":{"Est. reading time":"6 minutes"},"schema":{"@context":"https:\/\/schema.org","@graph":[{"@type":"WebPage","@id":"https:\/\/amronet.pl\/en\/privacy-policy\/","url":"https:\/\/amronet.pl\/en\/privacy-policy\/","name":"Privacy Policy - Amronet.pl","isPartOf":{"@id":"https:\/\/amronet.pl\/en\/#website"},"datePublished":"2021-03-24T11:34:35+00:00","dateModified":"2025-10-23T10:38:20+00:00","inLanguage":"en-US","potentialAction":[{"@type":"ReadAction","target":["https:\/\/amronet.pl\/en\/privacy-policy\/"]}]},{"@type":"WebSite","@id":"https:\/\/amronet.pl\/en\/#website","url":"https:\/\/amronet.pl\/en\/","name":"Amronet.pl","description":"Kolejna witryna oparta na WordPressie","potentialAction":[{"@type":"SearchAction","target":{"@type":"EntryPoint","urlTemplate":"https:\/\/amronet.pl\/en\/?s={search_term_string}"},"query-input":{"@type":"PropertyValueSpecification","valueRequired":true,"valueName":"search_term_string"}}],"inLanguage":"en-US"}]}},"_links":{"self":[{"href":"https:\/\/amronet.pl\/en\/wp-json\/wp\/v2\/pages\/18175","targetHints":{"allow":["GET"]}}],"collection":[{"href":"https:\/\/amronet.pl\/en\/wp-json\/wp\/v2\/pages"}],"about":[{"href":"https:\/\/amronet.pl\/en\/wp-json\/wp\/v2\/types\/page"}],"author":[{"embeddable":true,"href":"https:\/\/amronet.pl\/en\/wp-json\/wp\/v2\/users\/1"}],"replies":[{"embeddable":true,"href":"https:\/\/amronet.pl\/en\/wp-json\/wp\/v2\/comments?post=18175"}],"version-history":[{"count":6,"href":"https:\/\/amronet.pl\/en\/wp-json\/wp\/v2\/pages\/18175\/revisions"}],"predecessor-version":[{"id":21470,"href":"https:\/\/amronet.pl\/en\/wp-json\/wp\/v2\/pages\/18175\/revisions\/21470"}],"wp:attachment":[{"href":"https:\/\/amronet.pl\/en\/wp-json\/wp\/v2\/media?parent=18175"}],"curies":[{"name":"wp","href":"https:\/\/api.w.org\/{rel}","templated":true}]}}